{"id":68,"date":"2024-07-05T19:37:32","date_gmt":"2024-07-05T17:37:32","guid":{"rendered":"https:\/\/salon-camping-car-lapalmyre.fr\/?page_id=68"},"modified":"2025-05-14T11:01:07","modified_gmt":"2025-05-14T09:01:07","slug":"accueil-salon-camping-car-rochefort-5-au-8-septembre","status":"publish","type":"page","link":"https:\/\/salon-camping-car-lapalmyre.fr\/","title":{"rendered":"Accueil"},"content":{"rendered":"<div class=\"wpb-content-wrapper\"><p>[vc_row css=\u00a0\u00bb.vc_custom_1704972753066{margin-top: 0px !important;padding-top: 0px !important;}\u00a0\u00bb][vc_column css=\u00a0\u00bb.vc_custom_1704982012939{margin-top: 0px !important;margin-bottom: 0px !important;padding-top: 10px !important;padding-bottom: 0px !important;}\u00a0\u00bb][vc_row_inner css=\u00a0\u00bb.vc_custom_1533019627673{margin-top: 0px !important;margin-bottom: 40px !important;padding-top: 0px !important;padding-bottom: 0px !important;}\u00a0\u00bb][vc_column_inner el_class=\u00a0\u00bbtitle-section2&Prime; width=\u00a0\u00bb1\/3&Prime; css=\u00a0\u00bb.vc_custom_1533019636971{margin-top: 0px !important;padding-top: 0px !important;}\u00a0\u00bb][vc_single_image image=\u00a0\u00bb583&Prime; img_size=\u00a0\u00bbfull\u00a0\u00bb css=\u00a0\u00bb.vc_custom_1744209861588{padding-top: 0px !important;padding-bottom: 0px !important;}\u00a0\u00bb][vc_custom_heading text=\u00a0\u00bb3\u00e8me \u00e9dition du Salon du loisir de la Palmyre par 4ever Camper Exp\u00e9rience\u00a0\u00bb font_container=\u00a0\u00bbtag:h2|font_size:20px|text_align:left|color:%2300AEC7&Prime; google_fonts=\u00a0\u00bbfont_family:Roboto%3A100%2C100italic%2C300%2C300italic%2Cregular%2Citalic%2C500%2C500italic%2C700%2C700italic%2C900%2C900italic|font_style:500%20bold%20regular%3A500%3Anormal\u00a0\u00bb css=\u00a0\u00bb.vc_custom_1744210695587{margin-top: 0px !important;padding-top: 0px !important;padding-bottom: 0px !important;}\u00a0\u00bb][vc_column_text css=\u00a0\u00bb\u00a0\u00bb]<\/p>\n<p style=\"text-align: left;\"><strong>Du 28 mai au 2 juin au Luna Park de La Palmyre<\/strong>, venez d\u00e9couvrir des v\u00e9hicules de loisirs pour tous \u00e0 <strong>conditions \u00ab\u00a0Salon\u00a0\u00bb !<\/strong><\/p>\n<ul>\n<li>Camping-cars, vans, fourgons, caravanes <strong>neufs et d&rsquo;occasion.<\/strong><\/li>\n<li>Press\u00e9 ? D\u00e9couvrez les<b> mod\u00e8les pr\u00eats \u00e0 partir <\/b>pour l&rsquo;\u00e9t\u00e9.<\/li>\n<li><strong>Financement<\/strong> sur place \u00ab\u00a0<strong>sp\u00e9cial 4ever Camper Experience<\/strong>\u00ab\u00a0.<\/li>\n<li><em><strong>OUVERT DIMANCHE\u00a0<\/strong><\/em><\/li>\n<\/ul>\n<p>[\/vc_column_text][\/vc_column_inner][vc_column_inner el_class=\u00a0\u00bbtitle-section2&Prime; width=\u00a0\u00bb1\/3&Prime; css=\u00a0\u00bb.vc_custom_1533019642545{margin-top: 0px !important;padding-top: 0px !important;}\u00a0\u00bb][vc_single_image image=\u00a0\u00bb586&Prime; img_size=\u00a0\u00bbfull\u00a0\u00bb css=\u00a0\u00bb.vc_custom_1744209986301{padding-top: 0px !important;padding-bottom: 0px !important;}\u00a0\u00bb][vc_custom_heading text=\u00a0\u00bbUne vari\u00e9t\u00e9 d&rsquo;occasions pour toutes les envies d&rsquo;\u00e9vasion\u00a0\u00bb font_container=\u00a0\u00bbtag:h2|font_size:20px|text_align:left|color:%2300AEC7&Prime; google_fonts=\u00a0\u00bbfont_family:Roboto%3A100%2C100italic%2C300%2C300italic%2Cregular%2Citalic%2C500%2C500italic%2C700%2C700italic%2C900%2C900italic|font_style:500%20bold%20regular%3A500%3Anormal\u00a0\u00bb css=\u00a0\u00bb.vc_custom_1744210735041{margin-top: 0px !important;padding-top: 0px !important;padding-bottom: 0px !important;}\u00a0\u00bb][vc_column_text css=\u00a0\u00bb\u00a0\u00bb]<\/p>\n<ul>\n<li><strong>Conditions \u00ab\u00a0Salon de La Palmyre\u00a0\u00bb<\/strong>: des remises, des packs accessoires&#8230;<\/li>\n<li><strong>Mod\u00e8les d\u2019occasions r\u00e9vis\u00e9s et garantis par des professionnels.<\/strong><\/li>\n<li>Lits centraux, lits jumeaux, lits pavillon, \u00e0 la fran\u00e7aise&#8230;<\/li>\n<li>Grand <strong>choix d&rsquo;implantations, de motorisations<\/strong> pour des voyages en couple ou en famille.<\/li>\n<li>Trouvez l&rsquo;int\u00e9gral, le profil\u00e9, la capucine ou le van <strong>adapt\u00e9 \u00e0 votre budget.<\/strong><\/li>\n<\/ul>\n<p>[\/vc_column_text][\/vc_column_inner][vc_column_inner el_class=\u00a0\u00bbtitle-section2&Prime; width=\u00a0\u00bb1\/3&Prime; css=\u00a0\u00bb.vc_custom_1533019647552{margin-top: 0px !important;padding-top: 0px !important;}\u00a0\u00bb][vc_single_image image=\u00a0\u00bb588&Prime; img_size=\u00a0\u00bbfull\u00a0\u00bb css=\u00a0\u00bb.vc_custom_1744210266276{padding-top: 0px !important;padding-bottom: 0px !important;}\u00a0\u00bb][vc_custom_heading text=\u00a0\u00bbFaites le plein de plein-air et de loisir !\u00a0\u00bb font_container=\u00a0\u00bbtag:h2|font_size:20px|text_align:left|color:%2300AEC7&Prime; google_fonts=\u00a0\u00bbfont_family:Roboto%3A100%2C100italic%2C300%2C300italic%2Cregular%2Citalic%2C500%2C500italic%2C700%2C700italic%2C900%2C900italic|font_style:500%20bold%20regular%3A500%3Anormal\u00a0\u00bb css=\u00a0\u00bb.vc_custom_1744210455580{margin-top: 0px !important;padding-top: 0px !important;padding-bottom: 0px !important;}\u00a0\u00bb][vc_column_text css=\u00a0\u00bb\u00a0\u00bb]<\/p>\n<ul>\n<li>Exposition vente de mobile homes<strong>\u00a0avec AMH.<\/strong><\/li>\n<li>D\u00e9monstration et essais de <strong>buggys avec FMS.<\/strong><\/li>\n<li><strong>Camping-Car Park<\/strong> vous pr\u00e9sente ses aires de service.<\/li>\n<li>Pr\u00e9sentation et vente de Braseros.<\/li>\n<li>Petite <strong>restauration<\/strong> sur place.<\/li>\n<li>D\u00e9gustation d&rsquo;hu\u00eetres<\/li>\n<li>Fromages de toutes les r\u00e9gions<\/li>\n<li><strong>Bar buvette.<\/strong><\/li>\n<li>Parking jour <strong>gratuit.<\/strong><\/li>\n<li>Nos <strong>amis les chiens<\/strong> sont les bienvenus.<\/li>\n<\/ul>\n<p>[\/vc_column_text][\/vc_column_inner][\/vc_row_inner][\/vc_column][\/vc_row][vc_row gap=\u00a0\u00bb20&Prime; el_class=\u00a0\u00bbcontact\u00a0\u00bb css=\u00a0\u00bb.vc_custom_1688391629937{padding-top: 20px !important;background-color: #ffffff !important;}\u00a0\u00bb][vc_column width=\u00a0\u00bb1\/3&Prime; css=\u00a0\u00bb.vc_custom_1688391717311{margin-top: 0px !important;margin-right: 0px !important;margin-left: 0px !important;border-top-width: 1px !important;border-right-width: 1px !important;border-bottom-width: 1px !important;border-left-width: 1px !important;padding-top: 0px !important;padding-right: 10px !important;padding-left: 10px !important;border-left-color: #e5e5e5 !important;border-left-style: none !important;border-right-color: #e5e5e5 !important;border-right-style: none !important;border-top-color: #e5e5e5 !important;border-top-style: none !important;border-bottom-color: #e5e5e5 !important;border-bottom-style: none !important;}\u00a0\u00bb][vc_icon icon_fontawesome=\u00a0\u00bbfas fa-map-marker-alt\u00a0\u00bb color=\u00a0\u00bbcustom\u00a0\u00bb background_style=\u00a0\u00bbrounded\u00a0\u00bb background_color=\u00a0\u00bbcustom\u00a0\u00bb align=\u00a0\u00bbcenter\u00a0\u00bb css_animation=\u00a0\u00bbbounceInLeft\u00a0\u00bb css=\u00a0\u00bb.vc_custom_1744122330893{margin-top: 0px !important;padding-top: 20px !important;}\u00a0\u00bb custom_background_color=\u00a0\u00bb#E77031&Prime; custom_color=\u00a0\u00bb#ffffff\u00a0\u00bb link=\u00a0\u00bburl:https%3A%2F%2Fsalon-camping-car-lapalmyre.fr%2Findex.php%2Fplan-dacces-contact%2F|title:Plan%20d%E2%80%99acc%C3%A8s%20%26%20contact\u00a0\u00bb][vc_column_text css=\u00a0\u00bb.vc_custom_1744101129975{padding-bottom: 20px !important;}\u00a0\u00bb]<\/p>\n<p style=\"text-align: center;\"><a href=\"https:\/\/salon-camping-car-lapalmyre.fr\/index.php\/plan-dacces-contact\/\"><strong>\u00a0LUNA PARK<\/strong><\/a><br \/>\n17570 La Palmyre[\/vc_column_text][\/vc_column][vc_column width=\u00a0\u00bb1\/3&Prime; css=\u00a0\u00bb.vc_custom_1688391726617{margin-top: 0px !important;margin-right: 0px !important;margin-left: 0px !important;border-top-width: 1px !important;border-right-width: 1px !important;border-bottom-width: 1px !important;border-left-width: 1px !important;padding-top: 0px !important;border-left-color: #e5e5e5 !important;border-left-style: none !important;border-right-color: #e5e5e5 !important;border-right-style: none !important;border-top-color: #e5e5e5 !important;border-top-style: none !important;border-bottom-color: #e5e5e5 !important;border-bottom-style: none !important;}\u00a0\u00bb][vc_icon icon_fontawesome=\u00a0\u00bbfas fa-shuttle-van\u00a0\u00bb color=\u00a0\u00bbcustom\u00a0\u00bb background_style=\u00a0\u00bbrounded\u00a0\u00bb background_color=\u00a0\u00bbcustom\u00a0\u00bb align=\u00a0\u00bbcenter\u00a0\u00bb css_animation=\u00a0\u00bbbounceInDown\u00a0\u00bb css=\u00a0\u00bb.vc_custom_1744104090086{margin-top: 0px !important;padding-top: 20px !important;}\u00a0\u00bb custom_color=\u00a0\u00bb#ffffff\u00a0\u00bb custom_background_color=\u00a0\u00bb#E77031&Prime;][vc_column_text css=\u00a0\u00bb.vc_custom_1744101177641{padding-bottom: 20px !important;}\u00a0\u00bb]<\/p>\n<p style=\"text-align: center;\"><strong>Camping-cars, Vans, Caravanes, Mobil Home<\/strong><br \/>\nTout pour le loisir[\/vc_column_text][\/vc_column][vc_column width=\u00a0\u00bb1\/3&Prime; css=\u00a0\u00bb.vc_custom_1688391737056{margin-top: 0px !important;margin-right: 5px !important;margin-left: 5px !important;border-top-width: 1px !important;border-right-width: 1px !important;border-bottom-width: 1px !important;border-left-width: 1px !important;padding-top: 0px !important;border-left-color: #e5e5e5 !important;border-left-style: none !important;border-right-color: #e5e5e5 !important;border-right-style: none !important;border-top-color: #e5e5e5 !important;border-top-style: none !important;border-bottom-color: #e5e5e5 !important;border-bottom-style: none !important;}\u00a0\u00bb][vc_icon icon_fontawesome=\u00a0\u00bbfas fa-euro-sign\u00a0\u00bb color=\u00a0\u00bbcustom\u00a0\u00bb background_style=\u00a0\u00bbrounded\u00a0\u00bb background_color=\u00a0\u00bbcustom\u00a0\u00bb align=\u00a0\u00bbcenter\u00a0\u00bb css_animation=\u00a0\u00bbbounceInRight\u00a0\u00bb css=\u00a0\u00bb.vc_custom_1744104100352{margin-top: 0px !important;padding-top: 20px !important;}\u00a0\u00bb custom_color=\u00a0\u00bb#ffffff\u00a0\u00bb custom_background_color=\u00a0\u00bb#E77031&Prime; link=\u00a0\u00bburl:https%3A%2F%2Fsalon-camping-car-lapalmyre.fr%2Findex.php%2Finvitation%2F|title:Invitation\u00a0\u00bb][vc_column_text css=\u00a0\u00bb.vc_custom_1720712425405{padding-bottom: 20px !important;}\u00a0\u00bb]<\/p>\n<p style=\"text-align: center;\">Entr\u00e9e 3 \u20ac<br \/>\n<a href=\"https:\/\/salon-camping-car-lapalmyre.fr\/index.php\/invitation\/\"><strong>Gratuite sur pr\u00e9sentation de l\u2019invitation<\/strong><\/a>[\/vc_column_text][\/vc_column][\/vc_row]<\/p>\n<\/div>","protected":false},"excerpt":{"rendered":"<p>[vc_row css=\u00a0\u00bb.vc_custom_1704972753066{margin-top: 0px !important;padding-top: 0px !important;}\u00a0\u00bb][vc_column css=\u00a0\u00bb.vc_custom_1704982012939{margin-top: 0px !important;margin-bottom: 0px !important;padding-top: 10px !important;padding-bottom: 0px !important;}\u00a0\u00bb][vc_row_inner css=\u00a0\u00bb.vc_custom_1533019627673{margin-top: 0px !important;margin-bottom: 40px !important;padding-top: 0px !important;padding-bottom: 0px !important;}\u00a0\u00bb][vc_column_inner el_class=\u00a0\u00bbtitle-section2&Prime; width=\u00a0\u00bb1\/3&Prime; css=\u00a0\u00bb.vc_custom_1533019636971{margin-top: 0px !important;padding-top: 0px !important;}\u00a0\u00bb][vc_single_image image=\u00a0\u00bb583&Prime; img_size=\u00a0\u00bbfull\u00a0\u00bb css=\u00a0\u00bb.vc_custom_1744209861588{padding-top: 0px !important;padding-bottom: 0px !important;}\u00a0\u00bb][vc_custom_heading text=\u00a0\u00bb3\u00e8me \u00e9dition du Salon du loisir de la Palmyre par 4ever Camper Exp\u00e9rience\u00a0\u00bb font_container=\u00a0\u00bbtag:h2|font_size:20px|text_align:left|color:%2300AEC7&Prime; google_fonts=\u00a0\u00bbfont_family:Roboto%3A100%2C100italic%2C300%2C300italic%2Cregular%2Citalic%2C500%2C500italic%2C700%2C700italic%2C900%2C900italic|font_style:500%20bold%20regular%3A500%3Anormal\u00a0\u00bb css=\u00a0\u00bb.vc_custom_1744210695587{margin-top: 0px !important;padding-top: 0px !important;padding-bottom: 0px !important;}\u00a0\u00bb][vc_column_text css=\u00a0\u00bb\u00a0\u00bb] Du [&hellip;]<\/p>\n","protected":false},"author":1,"featured_media":0,"parent":0,"menu_order":0,"comment_status":"closed","ping_status":"closed","template":"","meta":{"footnotes":""},"class_list":["post-68","page","type-page","status-publish","hentry"],"yoast_head":"<!-- This site is optimized with the Yoast SEO plugin v25.0 - https:\/\/yoast.com\/wordpress\/plugins\/seo\/ -->\n<title>ACCUEIL | SALON CAMPING-CAR | LA PALMYRE<\/title>\n<meta name=\"description\" content=\"Le Salon du Camping-car d aura lieu du 28 mai au 2 juin 2025 au Luna Park de la Palmyre. C&#039;est le Forever Camper Experience.\" \/>\n<meta name=\"robots\" content=\"index, follow, max-snippet:-1, max-image-preview:large, max-video-preview:-1\" \/>\n<link rel=\"canonical\" href=\"https:\/\/salon-camping-car-lapalmyre.fr\/\" \/>\n<meta property=\"og:locale\" content=\"fr_FR\" \/>\n<meta property=\"og:type\" content=\"article\" \/>\n<meta property=\"og:title\" content=\"ACCUEIL | SALON CAMPING-CAR | LA PALMYRE\" \/>\n<meta property=\"og:description\" content=\"Le Salon du Camping-car d aura lieu du 28 mai au 2 juin 2025 au Luna Park de la Palmyre. C&#039;est le Forever Camper Experience.\" \/>\n<meta property=\"og:url\" content=\"https:\/\/salon-camping-car-lapalmyre.fr\/\" \/>\n<meta property=\"og:site_name\" content=\"Forever Camper Experience\" \/>\n<meta property=\"article:publisher\" content=\"https:\/\/www.facebook.com\/profile.php?id=61561766056102\" \/>\n<meta property=\"article:modified_time\" content=\"2025-05-14T09:01:07+00:00\" \/>\n<meta name=\"twitter:card\" content=\"summary_large_image\" \/>\n<meta name=\"twitter:label1\" content=\"Dur\u00e9e de lecture estim\u00e9e\" \/>\n\t<meta name=\"twitter:data1\" content=\"4 minutes\" \/>\n<script type=\"application\/ld+json\" class=\"yoast-schema-graph\">{\"@context\":\"https:\/\/schema.org\",\"@graph\":[{\"@type\":\"WebPage\",\"@id\":\"https:\/\/salon-camping-car-lapalmyre.fr\/\",\"url\":\"https:\/\/salon-camping-car-lapalmyre.fr\/\",\"name\":\"ACCUEIL | SALON CAMPING-CAR | LA PALMYRE\",\"isPartOf\":{\"@id\":\"https:\/\/salon-camping-car-lapalmyre.fr\/#website\"},\"datePublished\":\"2024-07-05T17:37:32+00:00\",\"dateModified\":\"2025-05-14T09:01:07+00:00\",\"description\":\"Le Salon du Camping-car d aura lieu du 28 mai au 2 juin 2025 au Luna Park de la Palmyre. C'est le Forever Camper Experience.\",\"breadcrumb\":{\"@id\":\"https:\/\/salon-camping-car-lapalmyre.fr\/#breadcrumb\"},\"inLanguage\":\"fr-FR\",\"potentialAction\":[{\"@type\":\"ReadAction\",\"target\":[\"https:\/\/salon-camping-car-lapalmyre.fr\/\"]}]},{\"@type\":\"BreadcrumbList\",\"@id\":\"https:\/\/salon-camping-car-lapalmyre.fr\/#breadcrumb\",\"itemListElement\":[{\"@type\":\"ListItem\",\"position\":1,\"name\":\"Accueil\",\"item\":\"https:\/\/salon-camping-car-lapalmyre.fr\/\"},{\"@type\":\"ListItem\",\"position\":2,\"name\":\"Accueil\"}]},{\"@type\":\"WebSite\",\"@id\":\"https:\/\/salon-camping-car-lapalmyre.fr\/#website\",\"url\":\"https:\/\/salon-camping-car-lapalmyre.fr\/\",\"name\":\"Forever Camper Experience\",\"description\":\"Le salon du v\u00e9hicule de loisirs de La Palmyre\",\"potentialAction\":[{\"@type\":\"SearchAction\",\"target\":{\"@type\":\"EntryPoint\",\"urlTemplate\":\"https:\/\/salon-camping-car-lapalmyre.fr\/?s={search_term_string}\"},\"query-input\":{\"@type\":\"PropertyValueSpecification\",\"valueRequired\":true,\"valueName\":\"search_term_string\"}}],\"inLanguage\":\"fr-FR\"}]}<\/script>\n<!-- \/ Yoast SEO plugin. -->","yoast_head_json":{"title":"ACCUEIL | SALON CAMPING-CAR | LA PALMYRE","description":"Le Salon du Camping-car d aura lieu du 28 mai au 2 juin 2025 au Luna Park de la Palmyre. C'est le Forever Camper Experience.","robots":{"index":"index","follow":"follow","max-snippet":"max-snippet:-1","max-image-preview":"max-image-preview:large","max-video-preview":"max-video-preview:-1"},"canonical":"https:\/\/salon-camping-car-lapalmyre.fr\/","og_locale":"fr_FR","og_type":"article","og_title":"ACCUEIL | SALON CAMPING-CAR | LA PALMYRE","og_description":"Le Salon du Camping-car d aura lieu du 28 mai au 2 juin 2025 au Luna Park de la Palmyre. C'est le Forever Camper Experience.","og_url":"https:\/\/salon-camping-car-lapalmyre.fr\/","og_site_name":"Forever Camper Experience","article_publisher":"https:\/\/www.facebook.com\/profile.php?id=61561766056102","article_modified_time":"2025-05-14T09:01:07+00:00","twitter_card":"summary_large_image","twitter_misc":{"Dur\u00e9e de lecture estim\u00e9e":"4 minutes"},"schema":{"@context":"https:\/\/schema.org","@graph":[{"@type":"WebPage","@id":"https:\/\/salon-camping-car-lapalmyre.fr\/","url":"https:\/\/salon-camping-car-lapalmyre.fr\/","name":"ACCUEIL | SALON CAMPING-CAR | LA PALMYRE","isPartOf":{"@id":"https:\/\/salon-camping-car-lapalmyre.fr\/#website"},"datePublished":"2024-07-05T17:37:32+00:00","dateModified":"2025-05-14T09:01:07+00:00","description":"Le Salon du Camping-car d aura lieu du 28 mai au 2 juin 2025 au Luna Park de la Palmyre. C'est le Forever Camper Experience.","breadcrumb":{"@id":"https:\/\/salon-camping-car-lapalmyre.fr\/#breadcrumb"},"inLanguage":"fr-FR","potentialAction":[{"@type":"ReadAction","target":["https:\/\/salon-camping-car-lapalmyre.fr\/"]}]},{"@type":"BreadcrumbList","@id":"https:\/\/salon-camping-car-lapalmyre.fr\/#breadcrumb","itemListElement":[{"@type":"ListItem","position":1,"name":"Accueil","item":"https:\/\/salon-camping-car-lapalmyre.fr\/"},{"@type":"ListItem","position":2,"name":"Accueil"}]},{"@type":"WebSite","@id":"https:\/\/salon-camping-car-lapalmyre.fr\/#website","url":"https:\/\/salon-camping-car-lapalmyre.fr\/","name":"Forever Camper Experience","description":"Le salon du v\u00e9hicule de loisirs de La Palmyre","potentialAction":[{"@type":"SearchAction","target":{"@type":"EntryPoint","urlTemplate":"https:\/\/salon-camping-car-lapalmyre.fr\/?s={search_term_string}"},"query-input":{"@type":"PropertyValueSpecification","valueRequired":true,"valueName":"search_term_string"}}],"inLanguage":"fr-FR"}]}},"_links":{"self":[{"href":"https:\/\/salon-camping-car-lapalmyre.fr\/index.php\/wp-json\/wp\/v2\/pages\/68","targetHints":{"allow":["GET"]}}],"collection":[{"href":"https:\/\/salon-camping-car-lapalmyre.fr\/index.php\/wp-json\/wp\/v2\/pages"}],"about":[{"href":"https:\/\/salon-camping-car-lapalmyre.fr\/index.php\/wp-json\/wp\/v2\/types\/page"}],"author":[{"embeddable":true,"href":"https:\/\/salon-camping-car-lapalmyre.fr\/index.php\/wp-json\/wp\/v2\/users\/1"}],"replies":[{"embeddable":true,"href":"https:\/\/salon-camping-car-lapalmyre.fr\/index.php\/wp-json\/wp\/v2\/comments?post=68"}],"version-history":[{"count":85,"href":"https:\/\/salon-camping-car-lapalmyre.fr\/index.php\/wp-json\/wp\/v2\/pages\/68\/revisions"}],"predecessor-version":[{"id":647,"href":"https:\/\/salon-camping-car-lapalmyre.fr\/index.php\/wp-json\/wp\/v2\/pages\/68\/revisions\/647"}],"wp:attachment":[{"href":"https:\/\/salon-camping-car-lapalmyre.fr\/index.php\/wp-json\/wp\/v2\/media?parent=68"}],"curies":[{"name":"wp","href":"https:\/\/api.w.org\/{rel}","templated":true}]}}